{"id":640,"date":"2019-12-12T09:28:44","date_gmt":"2019-12-12T09:28:44","guid":{"rendered":"http:\/\/irecco.wgl-demo.net\/?page_id=640"},"modified":"2025-12-16T14:25:51","modified_gmt":"2025-12-16T14:25:51","slug":"contacto","status":"publish","type":"page","link":"https:\/\/grupomontilla.com.do\/en\/contacto\/","title":{"rendered":"Contact"},"content":{"rendered":"<div data-elementor-type=\"wp-page\" data-elementor-id=\"640\" class=\"elementor elementor-640\" data-elementor-post-type=\"page\">\n\t\t\t\t\t\t<section class=\"elementor-section elementor-top-section elementor-element elementor-element-979cca0 elementor-section-boxed elementor-section-height-default elementor-section-height-default\" data-id=\"979cca0\" data-element_type=\"section\">\n\t\t\t\t\t\t<div class=\"elementor-container elementor-column-gap-default\">\n\t\t\t\t\t<div class=\"elementor-column elementor-col-100 elementor-top-column elementor-element elementor-element-ef72b6f\" data-id=\"ef72b6f\" data-element_type=\"column\">\n\t\t\t<div class=\"elementor-widget-wrap elementor-element-populated\">\n\t\t\t\t\t\t<div class=\"elementor-element elementor-element-075e9af elementor-widget elementor-widget-spacer\" data-id=\"075e9af\" data-element_type=\"widget\" data-widget_type=\"spacer.default\">\n\t\t\t\t\t\t\t<div class=\"elementor-spacer\">\n\t\t\t<div class=\"elementor-spacer-inner\"><\/div>\n\t\t<\/div>\n\t\t\t\t\t\t<\/div>\n\t\t\t\t\t<\/div>\n\t\t<\/div>\n\t\t\t\t\t<\/div>\n\t\t<\/section>\n\t\t\t\t<section class=\"elementor-section elementor-top-section elementor-element elementor-element-7639ff3 elementor-section-boxed elementor-section-height-default elementor-section-height-default\" data-id=\"7639ff3\" data-element_type=\"section\">\n\t\t\t\t\t\t<div class=\"elementor-container elementor-column-gap-default\">\n\t\t\t\t\t<div class=\"elementor-column elementor-col-50 elementor-top-column elementor-element elementor-element-2b8e44b\" data-id=\"2b8e44b\" data-element_type=\"column\">\n\t\t\t<div class=\"elementor-widget-wrap elementor-element-populated\">\n\t\t\t\t\t\t<div class=\"elementor-element elementor-element-a2c2f56 divider_yes elementor-widget elementor-widget-wgl-double-headings\" data-id=\"a2c2f56\" data-element_type=\"widget\" data-widget_type=\"wgl-double-headings.default\">\n\t\t\t\t<div class=\"elementor-widget-container\">\n\t\t\t\t\t<div class=\"wgl-double_heading aleft\"><div class=\"dbl-subtitle\"><span>Request information<\/span><\/div>\t\t\t\t<h3 class=\"dbl-title_wrapper\"><span class=\"dbl-title dbl-title_1\">Contact<\/span> \t\t\t\t<\/h3><span class=\"dbl-title dbl-bg_text\">Contact<\/span> \t\t<\/div>\t\t\t\t<\/div>\n\t\t\t\t<\/div>\n\t\t\t\t<div class=\"elementor-element elementor-element-fcfe847 elementor-position-left elementor-widget-icon-box wgl-icon-box elementor-view-default aleft elementor-widget elementor-widget-wgl-info-box\" data-id=\"fcfe847\" data-element_type=\"widget\" data-widget_type=\"wgl-info-box.default\">\n\t\t\t\t<div class=\"elementor-widget-container\">\n\t\t\t\t\t<div class=\"wgl-infobox\"><div class=\"wgl-infobox_wrapper elementor-icon-box-wrapper\"><div class=\"wgl-infobox-icon_wrapper elementor-icon-box-icon\"><div class=\"wgl-infobox-icon_container\"><span class=\"wgl-icon elementor-icon elementor-animation-\" ><i class=\"icon flaticon-pin\"><\/i><\/span><\/div><\/div><div class=\"wgl-infobox-content_wrapper elementor-icon-box-content\"><div class=\"wgl-infobox-title_wrapper\"><\/div><div class=\"wgl-infobox_content\"><p><strong>Hig\u00fcey:<\/strong> Av. Altagracia No. 42, Esq. Las Carreras, Sector El Laurel, Hig\u00fcey, La Altagracia Province, Dominican Republic.<\/p><\/div><\/div><\/div><\/div>\t\t\t\t<\/div>\n\t\t\t\t<\/div>\n\t\t\t\t<div class=\"elementor-element elementor-element-1c5561f elementor-position-left elementor-widget-icon-box wgl-icon-box elementor-view-default aleft elementor-widget elementor-widget-wgl-info-box\" data-id=\"1c5561f\" data-element_type=\"widget\" data-widget_type=\"wgl-info-box.default\">\n\t\t\t\t<div class=\"elementor-widget-container\">\n\t\t\t\t\t<div class=\"wgl-infobox\"><div class=\"wgl-infobox_wrapper elementor-icon-box-wrapper\"><div class=\"wgl-infobox-icon_wrapper elementor-icon-box-icon\"><div class=\"wgl-infobox-icon_container\"><span class=\"wgl-icon elementor-icon elementor-animation-\" ><i class=\"icon flaticon-pin\"><\/i><\/span><\/div><\/div><div class=\"wgl-infobox-content_wrapper elementor-icon-box-content\"><div class=\"wgl-infobox-title_wrapper\"><\/div><div class=\"wgl-infobox_content\"><p><strong>Bavarian:<\/strong> Av. Barcel\u00f3, Km 2.5, Ver\u00f3n\u2013B\u00e1varo, La Altagracia Province, Dominican Republic.<\/p><\/div><\/div><\/div><\/div>\t\t\t\t<\/div>\n\t\t\t\t<\/div>\n\t\t\t\t<div class=\"elementor-element elementor-element-e52384a elementor-position-left elementor-widget-icon-box wgl-icon-box elementor-view-default aleft elementor-widget elementor-widget-wgl-info-box\" data-id=\"e52384a\" data-element_type=\"widget\" data-widget_type=\"wgl-info-box.default\">\n\t\t\t\t<div class=\"elementor-widget-container\">\n\t\t\t\t\t<div class=\"wgl-infobox\"><div class=\"wgl-infobox_wrapper elementor-icon-box-wrapper\"><div class=\"wgl-infobox-icon_wrapper elementor-icon-box-icon\"><div class=\"wgl-infobox-icon_container\"><span class=\"wgl-icon elementor-icon elementor-animation-\" ><i class=\"icon flaticon-pin\"><\/i><\/span><\/div><\/div><div class=\"wgl-infobox-content_wrapper elementor-icon-box-content\"><div class=\"wgl-infobox-title_wrapper\"><\/div><div class=\"wgl-infobox_content\"><p><strong>Friusa:<\/strong> Av. Espa\u00f1a No. 108, Plaza Estrella, B\u00e1varo, La Altagracia Province, Dominican Republic.<\/p><\/div><\/div><\/div><\/div>\t\t\t\t<\/div>\n\t\t\t\t<\/div>\n\t\t\t\t<div class=\"elementor-element elementor-element-b109b96 elementor-position-left elementor-widget-icon-box wgl-icon-box elementor-view-default aleft elementor-widget elementor-widget-wgl-info-box\" data-id=\"b109b96\" data-element_type=\"widget\" data-widget_type=\"wgl-info-box.default\">\n\t\t\t\t<div class=\"elementor-widget-container\">\n\t\t\t\t\t<div class=\"wgl-infobox\"><div class=\"wgl-infobox_wrapper elementor-icon-box-wrapper\"><div class=\"wgl-infobox-icon_wrapper elementor-icon-box-icon\"><div class=\"wgl-infobox-icon_container\"><span class=\"wgl-icon elementor-icon elementor-animation-\" ><i class=\"icon flaticon-pin\"><\/i><\/span><\/div><\/div><div class=\"wgl-infobox-content_wrapper elementor-icon-box-content\"><div class=\"wgl-infobox-title_wrapper\"><\/div><div class=\"wgl-infobox_content\"><p><strong>Santo Domingo:<\/strong> Av. Charles Sumner No. 52, Sector Los Prados, Santo Domingo, Dominican Republic.<\/p><\/div><\/div><\/div><\/div>\t\t\t\t<\/div>\n\t\t\t\t<\/div>\n\t\t\t\t<div class=\"elementor-element elementor-element-f63ecc2 elementor-position-left elementor-widget-icon-box wgl-icon-box elementor-view-default aleft elementor-widget elementor-widget-wgl-info-box\" data-id=\"f63ecc2\" data-element_type=\"widget\" data-widget_type=\"wgl-info-box.default\">\n\t\t\t\t<div class=\"elementor-widget-container\">\n\t\t\t\t\t<div class=\"wgl-infobox\"><div class=\"wgl-infobox_wrapper elementor-icon-box-wrapper\"><div class=\"wgl-infobox-icon_wrapper elementor-icon-box-icon\"><div class=\"wgl-infobox-icon_container\"><span class=\"wgl-icon elementor-icon elementor-animation-\" ><i class=\"icon flaticon-at\"><\/i><\/span><\/div><\/div><div class=\"wgl-infobox-content_wrapper elementor-icon-box-content\"><div class=\"wgl-infobox-title_wrapper\"><\/div><div class=\"wgl-infobox_content\"><p>rrss@grupomontilla.com.do<\/p><\/div><\/div><\/div><\/div>\t\t\t\t<\/div>\n\t\t\t\t<\/div>\n\t\t\t\t<div class=\"elementor-element elementor-element-e21bbb8 elementor-position-left elementor-widget-icon-box wgl-icon-box elementor-view-default aleft elementor-widget elementor-widget-wgl-info-box\" data-id=\"e21bbb8\" data-element_type=\"widget\" data-widget_type=\"wgl-info-box.default\">\n\t\t\t\t<div class=\"elementor-widget-container\">\n\t\t\t\t\t<div class=\"wgl-infobox\"><div class=\"wgl-infobox_wrapper elementor-icon-box-wrapper\"><div class=\"wgl-infobox-icon_wrapper elementor-icon-box-icon\"><div class=\"wgl-infobox-icon_container\"><span class=\"wgl-icon elementor-icon elementor-animation-\" ><i class=\"icon flaticon-phone-1\"><\/i><\/span><\/div><\/div><div class=\"wgl-infobox-content_wrapper elementor-icon-box-content\"><div class=\"wgl-infobox-title_wrapper\"><\/div><div class=\"wgl-infobox_content\"><p>+1 (809) 723-6899<\/p><\/div><\/div><\/div><\/div>\t\t\t\t<\/div>\n\t\t\t\t<\/div>\n\t\t\t\t<div class=\"elementor-element elementor-element-a22d3f0 elementor-widget elementor-widget-spacer\" data-id=\"a22d3f0\" data-element_type=\"widget\" data-widget_type=\"spacer.default\">\n\t\t\t\t\t\t\t<div class=\"elementor-spacer\">\n\t\t\t<div class=\"elementor-spacer-inner\"><\/div>\n\t\t<\/div>\n\t\t\t\t\t\t<\/div>\n\t\t\t\t<div class=\"elementor-element elementor-element-885ba51 elementor-shape-rounded elementor-widget elementor-widget-wgl-social-icons\" data-id=\"885ba51\" data-element_type=\"widget\" data-widget_type=\"wgl-social-icons.default\">\n\t\t\t\t<div class=\"elementor-widget-container\">\n\t\t\t\t\t\t\t<div class=\"wgl-social-icons elementor-social-icons-wrapper\">\r\n\t\t\t\t\t\t\t<a class=\"elementor-icon elementor-social-icon elementor-social-icon-facebook-f elementor-repeater-item-e42bb22\" title=\"Facebook\">\r\n\t\t\t\t\t<span class=\"elementor-screen-only\">Facebook-f<\/span>\r\n\t\t\t\t\t<svg class=\"e-font-icon-svg e-fab-facebook-f\" viewbox=\"0 0 320 512\" xmlns=\"http:\/\/www.w3.org\/2000\/svg\"><path d=\"M279.14 288l14.22-92.66h-88.91v-60.13c0-25.35 12.42-50.06 52.24-50.06h40.42V6.26S260.43 0 225.36 0c-73.22 0-121.08 44.38-121.08 124.72v70.62H22.89V288h81.39v224h100.17V288z\"><\/path><\/svg>\t\t\t\t<\/a>\r\n\t\t\t\t\t\t\t<a class=\"elementor-icon elementor-social-icon elementor-social-icon-instagram elementor-repeater-item-c1a67fd\" title=\"Instagram\">\r\n\t\t\t\t\t<span class=\"elementor-screen-only\">Instagram<\/span>\r\n\t\t\t\t\t<svg class=\"e-font-icon-svg e-fab-instagram\" viewbox=\"0 0 448 512\" xmlns=\"http:\/\/www.w3.org\/2000\/svg\"><path d=\"M224.1 141c-63.6 0-114.9 51.3-114.9 114.9s51.3 114.9 114.9 114.9S339 319.5 339 255.9 287.7 141 224.1 141zm0 189.6c-41.1 0-74.7-33.5-74.7-74.7s33.5-74.7 74.7-74.7 74.7 33.5 74.7 74.7-33.6 74.7-74.7 74.7zm146.4-194.3c0 14.9-12 26.8-26.8 26.8-14.9 0-26.8-12-26.8-26.8s12-26.8 26.8-26.8 26.8 12 26.8 26.8zm76.1 27.2c-1.7-35.9-9.9-67.7-36.2-93.9-26.2-26.2-58-34.4-93.9-36.2-37-2.1-147.9-2.1-184.9 0-35.8 1.7-67.6 9.9-93.9 36.1s-34.4 58-36.2 93.9c-2.1 37-2.1 147.9 0 184.9 1.7 35.9 9.9 67.7 36.2 93.9s58 34.4 93.9 36.2c37 2.1 147.9 2.1 184.9 0 35.9-1.7 67.7-9.9 93.9-36.2 26.2-26.2 34.4-58 36.2-93.9 2.1-37 2.1-147.8 0-184.8zM398.8 388c-7.8 19.6-22.9 34.7-42.6 42.6-29.5 11.7-99.5 9-132.1 9s-102.7 2.6-132.1-9c-19.6-7.8-34.7-22.9-42.6-42.6-11.7-29.5-9-99.5-9-132.1s-2.6-102.7 9-132.1c7.8-19.6 22.9-34.7 42.6-42.6 29.5-11.7 99.5-9 132.1-9s102.7-2.6 132.1 9c19.6 7.8 34.7 22.9 42.6 42.6 11.7 29.5 9 99.5 9 132.1s2.7 102.7-9 132.1z\"><\/path><\/svg>\t\t\t\t<\/a>\r\n\t\t\t\t\t\t\t<a class=\"elementor-icon elementor-social-icon elementor-social-icon-x-twitter elementor-repeater-item-d99930a\" title=\"Instagram\">\r\n\t\t\t\t\t<span class=\"elementor-screen-only\">X-twitter<\/span>\r\n\t\t\t\t\t<svg class=\"e-font-icon-svg e-fab-x-twitter\" viewbox=\"0 0 512 512\" xmlns=\"http:\/\/www.w3.org\/2000\/svg\"><path d=\"M389.2 48h70.6L305.6 224.2 487 464H345L233.7 318.6 106.5 464H35.8L200.7 275.5 26.8 48H172.4L272.9 180.9 389.2 48zM364.4 421.8h39.1L151.1 88h-42L364.4 421.8z\"><\/path><\/svg>\t\t\t\t<\/a>\r\n\t\t\t\t\t\t\t<a class=\"elementor-icon elementor-social-icon elementor-social-icon-youtube elementor-repeater-item-89631c1\" title=\"Instagram\">\r\n\t\t\t\t\t<span class=\"elementor-screen-only\">Youtube<\/span>\r\n\t\t\t\t\t<svg class=\"e-font-icon-svg e-fab-youtube\" viewbox=\"0 0 576 512\" xmlns=\"http:\/\/www.w3.org\/2000\/svg\"><path d=\"M549.655 124.083c-6.281-23.65-24.787-42.276-48.284-48.597C458.781 64 288 64 288 64S117.22 64 74.629 75.486c-23.497 6.322-42.003 24.947-48.284 48.597-11.412 42.867-11.412 132.305-11.412 132.305s0 89.438 11.412 132.305c6.281 23.65 24.787 41.5 48.284 47.821C117.22 448 288 448 288 448s170.78 0 213.371-11.486c23.497-6.321 42.003-24.171 48.284-47.821 11.412-42.867 11.412-132.305 11.412-132.305s0-89.438-11.412-132.305zm-317.51 213.508V175.185l142.739 81.205-142.739 81.201z\"><\/path><\/svg>\t\t\t\t<\/a>\r\n\t\t\t\t\t<\/div>\r\n\t\t\t\t\t\t<\/div>\n\t\t\t\t<\/div>\n\t\t\t\t\t<\/div>\n\t\t<\/div>\n\t\t\t\t<div class=\"elementor-column elementor-col-50 elementor-top-column elementor-element elementor-element-d927350\" data-id=\"d927350\" data-element_type=\"column\" data-settings=\"{&quot;background_background&quot;:&quot;classic&quot;}\">\n\t\t\t<div class=\"elementor-widget-wrap elementor-element-populated\">\n\t\t\t\t\t\t<div class=\"elementor-element elementor-element-0bd2c1a elementor-widget elementor-widget-heading\" data-id=\"0bd2c1a\" data-element_type=\"widget\" data-widget_type=\"heading.default\">\n\t\t\t\t\t<h4 class=\"elementor-heading-title elementor-size-default\">Contact Form<\/h4>\t\t\t\t<\/div>\n\t\t\t\t<div class=\"elementor-element elementor-element-c56d4ea elementor-widget elementor-widget-text-editor\" data-id=\"c56d4ea\" data-element_type=\"widget\" data-widget_type=\"text-editor.default\">\n\t\t\t\t\t\t\t\t\t<p>\n<div class=\"wpcf7 no-js\" id=\"wpcf7-f661-o1\" lang=\"en-US\" dir=\"ltr\" data-wpcf7-id=\"661\">\n<div class=\"screen-reader-response\"><p role=\"status\" aria-live=\"polite\" aria-atomic=\"true\"><\/p> <ul><\/ul><\/div>\n<form action=\"\/en\/wp-json\/wp\/v2\/pages\/640#wpcf7-f661-o1\" method=\"post\" class=\"wpcf7-form init demo\" aria-label=\"Contact form\" novalidate=\"novalidate\" data-status=\"init\" data-trp-original-action=\"\/en\/wp-json\/wp\/v2\/pages\/640#wpcf7-f661-o1\">\n<fieldset class=\"hidden-fields-container\"><input type=\"hidden\" name=\"_wpcf7\" value=\"661\" \/><input type=\"hidden\" name=\"_wpcf7_version\" value=\"6.1.2\" \/><input type=\"hidden\" name=\"_wpcf7_locale\" value=\"en_US\" \/><input type=\"hidden\" name=\"_wpcf7_unit_tag\" value=\"wpcf7-f661-o1\" \/><input type=\"hidden\" name=\"_wpcf7_container_post\" value=\"0\" \/><input type=\"hidden\" name=\"_wpcf7_posted_data_hash\" value=\"\" \/>\n<\/fieldset>\n<div class='row'>\n<div class='wgl_col-6'>\n<span class=\"wpcf7-form-control-wrap\" data-name=\"text-759\"><input size=\"40\" maxlength=\"400\" class=\"wpcf7-form-control wpcf7-text\" aria-invalid=\"false\" placeholder=\"Your Name *\" value=\"\" type=\"text\" name=\"text-759\" \/><\/span>\n<\/div>\n<div class='wgl_col-6'>\n<span class=\"wpcf7-form-control-wrap\" data-name=\"email-613\"><input size=\"40\" maxlength=\"400\" class=\"wpcf7-form-control wpcf7-email wpcf7-text wpcf7-validates-as-email\" aria-invalid=\"false\" placeholder=\"Your Email *\" value=\"\" type=\"email\" name=\"email-613\" \/><\/span>\n<\/div>\n<div class='wgl_col-12'>\n<span class=\"wpcf7-form-control-wrap\" data-name=\"text-614\"><input size=\"40\" maxlength=\"400\" class=\"wpcf7-form-control wpcf7-text\" aria-invalid=\"false\" placeholder=\"Affair\" value=\"\" type=\"text\" name=\"text-614\" \/><\/span>\n<\/div>\n<div class='wgl_col-12'>\n<span class=\"wpcf7-form-control-wrap\" data-name=\"textarea-876\"><textarea cols=\"40\" rows=\"10\" maxlength=\"2000\" class=\"wpcf7-form-control wpcf7-textarea\" aria-invalid=\"false\" placeholder=\"Comment\" name=\"textarea-876\"><\/textarea><\/span>\n<\/div>\n<\/div>\n<input class=\"wpcf7-form-control wpcf7-submit has-spinner\" type=\"submit\" value=\"Send message\" \/><div class=\"wpcf7-response-output\" aria-hidden=\"true\"><\/div>\n<input type=\"hidden\" name=\"trp-form-language\" value=\"en\"\/><\/form>\n<\/div>\n<\/p>\t\t\t\t\t\t\t\t<\/div>\n\t\t\t\t\t<\/div>\n\t\t<\/div>\n\t\t\t\t\t<\/div>\n\t\t<\/section>\n\t\t\t\t<section class=\"elementor-section elementor-top-section elementor-element elementor-element-24c1047 elementor-section-boxed elementor-section-height-default elementor-section-height-default\" data-id=\"24c1047\" data-element_type=\"section\">\n\t\t\t\t\t\t<div class=\"elementor-container elementor-column-gap-default\">\n\t\t\t\t\t<div class=\"elementor-column elementor-col-100 elementor-top-column elementor-element elementor-element-d1e1fca\" data-id=\"d1e1fca\" data-element_type=\"column\">\n\t\t\t<div class=\"elementor-widget-wrap elementor-element-populated\">\n\t\t\t\t\t\t<div class=\"elementor-element elementor-element-e11b782 elementor-widget elementor-widget-spacer\" data-id=\"e11b782\" data-element_type=\"widget\" data-widget_type=\"spacer.default\">\n\t\t\t\t\t\t\t<div class=\"elementor-spacer\">\n\t\t\t<div class=\"elementor-spacer-inner\"><\/div>\n\t\t<\/div>\n\t\t\t\t\t\t<\/div>\n\t\t\t\t<div class=\"elementor-element elementor-element-d4d819b elementor-widget elementor-widget-html\" data-id=\"d4d819b\" data-element_type=\"widget\" data-widget_type=\"html.default\">\n\t\t\t\t\t<style>\r\n  #map { height: 500px; width: 100%; }\r\n  .gm-info-title { font-weight: 700; margin-bottom: 4px; display: block; }\r\n  .map-credit { position: absolute; left: 12px; bottom: 12px; background: rgba(255,255,255,0.9);\r\n                padding: 6px 8px; border-radius: 6px; font-size: 13px; box-shadow: 0 1px 4px rgba(0,0,0,0.2); }\r\n<\/style>\r\n\r\n<div id=\"map\"><\/div>\r\n<div class=\"map-credit\">Map: Montilla \u2014 locations<\/div>\r\n\r\n<!-- API Key actualizada -->\r\n<script\r\n  src=\"https:\/\/maps.googleapis.com\/maps\/api\/js?key=AIzaSyAc-vZpZTymQIsxvc-P84ii3wYEGTCIg_A&callback=initMap\"\r\n  defer\r\n><\/script>\r\n\r\n<script>\r\n  const locations = [\r\n    { title: \"Servicentro de Gomas Montilla\", position: { lat: 18.47664, lng: -69.9523551 }, url: \"https:\/\/www.google.com\/maps\/place\/Servicentro+de+Gomas+Montilla\/\" },\r\n    { title: \"Auto Repuestos Montilla\", position: { lat: 18.613382, lng: -68.7083298 }, url: \"https:\/\/www.google.com\/maps\/place\/Auto+Repuestos+Montilla\/\" },\r\n    { title: \"Montilla Motors\", position: { lat: 18.6084196, lng: -68.4068444 }, url: \"https:\/\/www.google.com\/maps\/place\/Montilla+Motors\/\" },\r\n    { title: \"Repuesto montilla\", position: { lat: 18.6875539, lng: -68.4446518 }, url: \"https:\/\/www.google.com\/maps\/place\/Repuesto+montilla\/\" }\r\n  ];\r\n\r\n  let map;\r\n\r\n  function initMap() {\r\n    map = new google.maps.Map(document.getElementById(\"map\"), {\r\n      center: { lat: 18.60, lng: -68.7 },\r\n      zoom: 8,\r\n      mapTypeControl: false,\r\n      streetViewControl: false,\r\n    });\r\n\r\n    const bounds = new google.maps.LatLngBounds();\r\n    const infowindow = new google.maps.InfoWindow();\r\n\r\n    locations.forEach(loc => {\r\n      const marker = new google.maps.Marker({\r\n        position: loc.position,\r\n        map,\r\n        title: loc.title,\r\n        animation: google.maps.Animation.DROP,\r\n      });\r\n\r\n      bounds.extend(loc.position);\r\n\r\n      marker.addListener(\"click\", () => {\r\n        const content = `\r\n          <div>\r\n            <div class=\"gm-info-title\">${loc.title}<\/div>\r\n            <div style=\"font-size:13px;\">\r\n              <a href=\"${loc.url}\" target=\"_blank\" rel=\"noopener\">Abrir en Google Maps<\/a>\r\n            <\/div>\r\n          <\/div>\r\n        `;\r\n        infowindow.setContent(content);\r\n        infowindow.open(map, marker);\r\n      });\r\n    });\r\n\r\n    map.fitBounds(bounds);\r\n\r\n    google.maps.event.addListenerOnce(map, \"bounds_changed\", function() {\r\n      if (map.getZoom() > 14) map.setZoom(14);\r\n    });\r\n  }\r\n<\/script>\r\n\t\t\t\t<\/div>\n\t\t\t\t\t<\/div>\n\t\t<\/div>\n\t\t\t\t\t<\/div>\n\t\t<\/section>\n\t\t\t\t<section class=\"elementor-section elementor-top-section elementor-element elementor-element-5ed449f elementor-section-boxed elementor-section-height-default elementor-section-height-default\" data-id=\"5ed449f\" data-element_type=\"section\">\n\t\t\t\t\t\t<div class=\"elementor-container elementor-column-gap-default\">\n\t\t\t\t\t<div class=\"elementor-column elementor-col-100 elementor-top-column elementor-element elementor-element-5396685\" data-id=\"5396685\" data-element_type=\"column\">\n\t\t\t<div class=\"elementor-widget-wrap elementor-element-populated\">\n\t\t\t\t\t\t<div class=\"elementor-element elementor-element-9662a33 elementor-widget elementor-widget-spacer\" data-id=\"9662a33\" data-element_type=\"widget\" data-widget_type=\"spacer.default\">\n\t\t\t\t\t\t\t<div class=\"elementor-spacer\">\n\t\t\t<div class=\"elementor-spacer-inner\"><\/div>\n\t\t<\/div>\n\t\t\t\t\t\t<\/div>\n\t\t\t\t\t<\/div>\n\t\t<\/div>\n\t\t\t\t\t<\/div>\n\t\t<\/section>\n\t\t\t\t<\/div>","protected":false},"excerpt":{"rendered":"<p>Request information. Contact us. Hig\u00fcey: Av. Altagracia No. 42, corner of Las Carreras, El Laurel Sector, Hig\u00fcey, La Altagracia Province, Dominican Republic. B\u00e1varo: Av. Barcel\u00f3, Km 2.5, Ver\u00f3n\u2013B\u00e1varo, La Altagracia Province, Dominican Republic. Friusa: Av. Espa\u00f1a No. 108, Plaza Estrella, B\u00e1varo, La Altagracia Province, Dominican Republic. Santo Domingo: Av. Charles Sumner No. 52, Los Prados Sector, [\u2026]<\/p>","protected":false},"author":1,"featured_media":0,"parent":0,"menu_order":0,"comment_status":"closed","ping_status":"closed","template":"","meta":{"_joinchat":[],"footnotes":""},"class_list":["post-640","page","type-page","status-publish","hentry"],"_links":{"self":[{"href":"https:\/\/grupomontilla.com.do\/en\/wp-json\/wp\/v2\/pages\/640","targetHints":{"allow":["GET"]}}],"collection":[{"href":"https:\/\/grupomontilla.com.do\/en\/wp-json\/wp\/v2\/pages"}],"about":[{"href":"https:\/\/grupomontilla.com.do\/en\/wp-json\/wp\/v2\/types\/page"}],"author":[{"embeddable":true,"href":"https:\/\/grupomontilla.com.do\/en\/wp-json\/wp\/v2\/users\/1"}],"replies":[{"embeddable":true,"href":"https:\/\/grupomontilla.com.do\/en\/wp-json\/wp\/v2\/comments?post=640"}],"version-history":[{"count":56,"href":"https:\/\/grupomontilla.com.do\/en\/wp-json\/wp\/v2\/pages\/640\/revisions"}],"predecessor-version":[{"id":3120,"href":"https:\/\/grupomontilla.com.do\/en\/wp-json\/wp\/v2\/pages\/640\/revisions\/3120"}],"wp:attachment":[{"href":"https:\/\/grupomontilla.com.do\/en\/wp-json\/wp\/v2\/media?parent=640"}],"curies":[{"name":"wp","href":"https:\/\/api.w.org\/{rel}","templated":true}]}}