{"id":2138,"date":"2025-10-20T14:19:46","date_gmt":"2025-10-20T14:19:46","guid":{"rendered":"https:\/\/grupomontilla.com.do\/?page_id=2138"},"modified":"2025-12-10T21:16:20","modified_gmt":"2025-12-10T21:16:20","slug":"politicas-de-privacidad","status":"publish","type":"page","link":"https:\/\/grupomontilla.com.do\/en\/politicas-de-privacidad\/","title":{"rendered":"Privacy Policies"},"content":{"rendered":"<div data-elementor-type=\"wp-page\" data-elementor-id=\"2138\" class=\"elementor elementor-2138\" data-elementor-post-type=\"page\">\n\t\t\t\t\t\t<section class=\"elementor-section elementor-top-section elementor-element elementor-element-7639ff3 elementor-section-boxed elementor-section-height-default elementor-section-height-default\" data-id=\"7639ff3\" data-element_type=\"section\" data-e-type=\"section\">\n\t\t\t\t\t\t<div class=\"elementor-container elementor-column-gap-default\">\n\t\t\t\t\t<div class=\"elementor-column elementor-col-100 elementor-top-column elementor-element elementor-element-2b8e44b\" data-id=\"2b8e44b\" data-element_type=\"column\" data-e-type=\"column\">\n\t\t\t<div class=\"elementor-widget-wrap elementor-element-populated\">\n\t\t\t\t\t\t<div class=\"elementor-element elementor-element-0a428ba elementor-widget elementor-widget-text-editor\" data-id=\"0a428ba\" data-element_type=\"widget\" data-e-type=\"widget\" data-widget_type=\"text-editor.default\">\n\t\t\t\t\t\t\t\t\t<p data-start=\"335\" data-end=\"375\"><strong data-start=\"335\" data-end=\"373\">Last updated: October 2025<\/strong><\/p><p data-start=\"377\" data-end=\"702\">In <strong data-start=\"380\" data-end=\"398\">Montilla Group<\/strong>, We value and respect the privacy of our customers, suppliers, and visitors. This Privacy Policy explains how we collect, use, protect, and manage the personal information you provide to us through our communication channels, websites, or contact forms.<\/p><h3 data-start=\"709\" data-end=\"748\">1. Information we collect<\/h3><p data-start=\"749\" data-end=\"801\">We may collect the following personal data:<\/p><ul data-start=\"802\" data-end=\"1166\"><li data-start=\"802\" data-end=\"884\"><p data-start=\"804\" data-end=\"884\">Full name and contact information (phone, email, address).<\/p><\/li><li data-start=\"885\" data-end=\"966\"><p data-start=\"887\" data-end=\"966\">Information related to service requests, quotes, or purchases.<\/p><\/li><li data-start=\"967\" data-end=\"1078\"><p data-start=\"969\" data-end=\"1078\">Technical data (such as IP address, browser type and operating system) when you visit our website.<\/p><\/li><li data-start=\"1079\" data-end=\"1166\"><p data-start=\"1081\" data-end=\"1166\">Any additional information you choose to voluntarily share with us.<\/p><\/li><\/ul><h3 data-start=\"1173\" data-end=\"1206\">2. Use of information<\/h3><p data-start=\"1207\" data-end=\"1272\">The information collected is used for the following purposes:<\/p><ul data-start=\"1273\" data-end=\"1616\"><li data-start=\"1273\" data-end=\"1344\"><p data-start=\"1275\" data-end=\"1344\">Provide personalized attention and respond to questions or requests.<\/p><\/li><li data-start=\"1345\" data-end=\"1416\"><p data-start=\"1347\" data-end=\"1416\">Manage orders, quotes, invoicing, and after-sales services.<\/p><\/li><li data-start=\"1417\" data-end=\"1533\"><p data-start=\"1419\" data-end=\"1533\">Send relevant information about our products, services and promotions (only if the user authorizes it).<\/p><\/li><li data-start=\"1534\" data-end=\"1616\"><p data-start=\"1536\" data-end=\"1616\">Improve our internal processes, customer service, and digital experience.<\/p><\/li><\/ul><h3 data-start=\"1623\" data-end=\"1663\">3. Protection of information<\/h3><p data-start=\"1664\" data-end=\"1890\"><strong data-start=\"1664\" data-end=\"1682\">Montilla Group<\/strong> adopts appropriate technical and organizational measures to guarantee the security and confidentiality of personal data, preventing unauthorized access, alterations, losses or improper disclosures.<\/p><h3 data-start=\"1897\" data-end=\"1930\">4. Data sharing<\/h3><p data-start=\"1931\" data-end=\"2048\">We do not share or sell personal information to third parties.<br data-start=\"1990\" data-end=\"1993\" \/>We will only be able to disclose data in the following cases:<\/p><ul data-start=\"2049\" data-end=\"2242\"><li data-start=\"2049\" data-end=\"2105\"><p data-start=\"2051\" data-end=\"2105\">When required by law or competent authority.<\/p><\/li><li data-start=\"2106\" data-end=\"2242\"><p data-start=\"2108\" data-end=\"2242\">To suppliers or partners who collaborate in the provision of our services, always under strict confidentiality conditions.<\/p><\/li><\/ul><h3 data-start=\"2249\" data-end=\"2297\">5. Rights of the data subject<\/h3><p data-start=\"2298\" data-end=\"2340\">The data subject has the right to:<\/p><ul data-start=\"2341\" data-end=\"2509\"><li data-start=\"2341\" data-end=\"2400\"><p data-start=\"2343\" data-end=\"2400\">Access, rectify or delete your personal information.<\/p><\/li><li data-start=\"2401\" data-end=\"2457\"><p data-start=\"2403\" data-end=\"2457\">Oppose the use of your data for commercial purposes.<\/p><\/li><li data-start=\"2458\" data-end=\"2509\"><p data-start=\"2460\" data-end=\"2509\">Withdraw your consent at any time.<\/p><\/li><\/ul><p data-start=\"2511\" data-end=\"2594\">To exercise these rights, you can write to us at:<br data-start=\"2560\" data-end=\"2563\" \/>\ud83d\udce7 <strong data-start=\"2566\" data-end=\"2592\"><a data-start=\"2568\" data-end=\"2590\" class=\"decorated-link cursor-pointer\" rel=\"noopener\">rrhh@grupomontilla.com<span aria-hidden=\"true\" class=\"ms-0.5 inline-block align-middle leading-none\"><\/span><\/a><\/strong><\/p><h3 data-start=\"2601\" data-end=\"2649\">6. Cookies and tracking technologies<\/h3><p data-start=\"2650\" data-end=\"2881\">Our website may use cookies to improve user experience and analyze browsing behavior. Users can configure their browser to accept or reject the use of cookies at any time.<\/p><h3 data-start=\"2888\" data-end=\"2932\">7. Updates to this policy<\/h3><p data-start=\"2933\" data-end=\"3138\"><strong data-start=\"2933\" data-end=\"2951\">Montilla Group<\/strong> reserves the right to modify this Privacy Policy when necessary. Any changes will be posted on this page with the corresponding update date.<\/p><h3 data-start=\"3145\" data-end=\"3165\">8. Contact<\/h3><p data-start=\"3166\" data-end=\"3303\">If you have any questions about this Privacy Policy or the handling of your personal data, you can contact us at:<\/p><p data-start=\"3305\" data-end=\"3504\"><strong data-start=\"3305\" data-end=\"3323\">Montilla Group<\/strong><br data-start=\"3323\" data-end=\"3326\" \/>\ud83d\udccd Av. Barcel\u00f3 KM.2, B\u00e1varo \u2013 Punta Cana, Dominican Republic<br data-start=\"3388\" data-end=\"3391\" \/>\ud83d\udcde +1 (829) 760-4442<br data-start=\"3411\" data-end=\"3414\" \/>\ud83d\udce7 <a data-start=\"3417\" data-end=\"3439\" class=\"decorated-link cursor-pointer\" rel=\"noopener\">rrhh@grupomontilla.com<span aria-hidden=\"true\" class=\"ms-0.5 inline-block align-middle leading-none\"><\/span><\/a><br data-start=\"3439\" data-end=\"3442\" \/>\ud83c\udf10 <a data-start=\"3445\" data-end=\"3502\" rel=\"noopener\" target=\"_new\" class=\"decorated-link\" href=\"https:\/\/www.instagram.com\/grupomontilla\">@grupomontilla<\/a><\/p>\t\t\t\t\t\t\t\t<\/div>\n\t\t\t\t\t<\/div>\n\t\t<\/div>\n\t\t\t\t\t<\/div>\n\t\t<\/section>\n\t\t\t\t<\/div>","protected":false},"excerpt":{"rendered":"<p>\u00daltima actualizaci\u00f3n: Octubre 2025 En Grupo Montilla, valoramos y respetamos la privacidad de nuestros clientes, proveedores y visitantes. Esta Pol\u00edtica de Privacidad explica c\u00f3mo recopilamos, usamos, protegemos y gestionamos la informaci\u00f3n personal que nos proporcionas a trav\u00e9s de nuestros canales de comunicaci\u00f3n, sitios web o formularios de contacto. 1. Informaci\u00f3n que recopilamos Podemos recopilar los [&hellip;]<\/p>","protected":false},"author":1,"featured_media":0,"parent":0,"menu_order":0,"comment_status":"closed","ping_status":"closed","template":"","meta":{"_joinchat":[],"footnotes":""},"class_list":["post-2138","page","type-page","status-publish","hentry"],"_links":{"self":[{"href":"https:\/\/grupomontilla.com.do\/en\/wp-json\/wp\/v2\/pages\/2138","targetHints":{"allow":["GET"]}}],"collection":[{"href":"https:\/\/grupomontilla.com.do\/en\/wp-json\/wp\/v2\/pages"}],"about":[{"href":"https:\/\/grupomontilla.com.do\/en\/wp-json\/wp\/v2\/types\/page"}],"author":[{"embeddable":true,"href":"https:\/\/grupomontilla.com.do\/en\/wp-json\/wp\/v2\/users\/1"}],"replies":[{"embeddable":true,"href":"https:\/\/grupomontilla.com.do\/en\/wp-json\/wp\/v2\/comments?post=2138"}],"version-history":[{"count":11,"href":"https:\/\/grupomontilla.com.do\/en\/wp-json\/wp\/v2\/pages\/2138\/revisions"}],"predecessor-version":[{"id":2941,"href":"https:\/\/grupomontilla.com.do\/en\/wp-json\/wp\/v2\/pages\/2138\/revisions\/2941"}],"wp:attachment":[{"href":"https:\/\/grupomontilla.com.do\/en\/wp-json\/wp\/v2\/media?parent=2138"}],"curies":[{"name":"wp","href":"https:\/\/api.w.org\/{rel}","templated":true}]}}